{"id":11,"date":"2017-04-28T15:04:18","date_gmt":"2017-04-28T13:04:18","guid":{"rendered":"http:\/\/www.slupinska.pl\/?page_id=11"},"modified":"2024-05-24T11:47:21","modified_gmt":"2024-05-24T09:47:21","slug":"sekcja-strony-glownej","status":"publish","type":"page","link":"http:\/\/www.slupinska.pl\/index.php\/sekcja-strony-glownej\/","title":{"rendered":"Metody"},"content":{"rendered":"<p>Podczas terapii najcz\u0119\u015bciej wykorzystuj\u0119 techniki,\u00a0kt\u00f3re uwzgl\u0119dniaj\u0105 holistyczne podej\u015bcie do cia\u0142a oraz s\u0105 pomocne w leczeniu wybranych obszar\u00f3w. Cz\u0119sto jako uzupe\u0142nienie terapii stosuj\u0119 indywidualnie dobrane \u0107wiczenia. Najcz\u0119\u015bciej \u00a0w pracy wykorzystuj\u0119 metody przedstawione poni\u017cej:<\/p>\n<h6><a href=\"https:\/\/www.crafta.org\/\"><span style=\"color: #89e4ed;\">CRAFTA\u00ae (Cranial Facial Therapy Academy)<\/span><\/a><\/h6>\n<p><span style=\"color: #89e4ed;\"><strong><img loading=\"lazy\" decoding=\"async\" class=\"alignleft wp-image-334\" src=\"http:\/\/www.slupinska.pl\/wp-content\/uploads\/2017\/04\/crafta_logo-300x234.jpg\" alt=\"\" width=\"150\" height=\"117\" srcset=\"http:\/\/www.slupinska.pl\/wp-content\/uploads\/2017\/04\/crafta_logo-300x234.jpg 300w, http:\/\/www.slupinska.pl\/wp-content\/uploads\/2017\/04\/crafta_logo.jpg 400w\" sizes=\"auto, (max-width: 150px) 100vw, 150px\" \/><\/strong><\/span><\/p>\n<p>To wyspecjalizowana metoda szczeg\u00f3\u0142owo zajmuj\u0105ca si\u0119 problemami obszaru g\u0142owy i szyi. \u00a0Metoda obejmuje dok\u0142adne badanie, leczenie oraz autoterapi\u0119 ca\u0142ego systemu czaszkowo\u200d-\u017cuchwowego (obszaru staw\u00f3w skroniowo\u200d\u017cuchwowych, czaszki, uk\u0142adu nerwowego oraz innych struktur anatomicznych mog\u0105cych bra\u0107 udzia\u0142 w problemie pacjenta). Jest pomocna w leczeniu:<\/p>\n<ul>\n<li>b\u00f3lu okolicy staw\u00f3w skroniowo-\u017cuchwowych,<\/li>\n<li>wzmo\u017conego napi\u0119cia mi\u0119\u015bniowego na twarzy, szyi i barkach,<\/li>\n<li>bruksizmu i innych parafunkcji,<\/li>\n<li>trzask\u00f3w i \u201eprzeskakiwania\u201d w stawach skroniowo-\u017cuchwowych,<\/li>\n<li>nieprawid\u0142owej ruchomo\u015bci \u017cuchwy (zbaczanie, ograniczone lub nadmierne otwieranie ust, itd.),<\/li>\n<li>napi\u0119ciowego b\u00f3lu g\u0142owy,<\/li>\n<li>uraz\u00f3w i stan\u00f3w po operacji w obr\u0119bie narz\u0105du \u017cucia,<\/li>\n<li>neuralgii nerwu tr\u00f3jdzielnego i niedow\u0142adu nerwu twarzowego,<\/li>\n<li>zaburze\u0144 czucia w obr\u0119bie twarzy,<\/li>\n<li>problem\u00f3w z po\u0142ykaniem, funkcj\u0105 krtani, uczuciem &#8220;kuli&#8221; w gardle,<\/li>\n<li>szum\u00f3w usznych.<\/li>\n<\/ul>\n<h6><a href=\"http:\/\/www.fascialmanipulation.com\/\"><span style=\"color: #89e4ed;\">Fascial Manipulation\u00ae<\/span><\/a><\/h6>\n<p><img loading=\"lazy\" decoding=\"async\" class=\"wp-image-333 size-full alignleft\" src=\"http:\/\/www.slupinska.pl\/wp-content\/uploads\/2017\/04\/logo-fascial.jpg\" alt=\"\" width=\"138\" height=\"184\" \/><\/p>\n<p>Jest to metoda terapii manualnej o bardzo du\u017cej skuteczno\u015bci w normalizowaniu dolegliwo\u015bci b\u00f3lowych (a tak\u017ce innych objaw\u00f3w) narz\u0105du ruchu. Tw\u00f3rc\u0105 metody jest w\u0142oski fizjoterapeuta Luigi Stecco,. Metoda Manipulacji Powi\u0119zi uwzgl\u0119dnia ca\u0142o\u015bciowe podej\u015bcie do cia\u0142a, traktuj\u0105c poszczeg\u00f3lne jego segmenty, jako pojedyncze ogniwa \u0142a\u0144cucha tkankowego, kt\u00f3rego ci\u0105g\u0142o\u015b\u0107 zapewnia powi\u0119\u017a. Terapeuta na podstawie zebranego wywiadu, test\u00f3w ruchomo\u015bci oraz sprawdzaj\u0105c manualnie napi\u0119cie tkanek wybiera punkty, kt\u00f3re nast\u0119pnie poddaje g\u0142\u0119bokiemu masa\u017cowi. Przyk\u0142adowe wskazania do zastosowania terapii (dolegliwo\u015bci b\u00f3lowe uk\u0142adu ruchu):<\/p>\n<ul>\n<li>b\u00f3le g\u0142owy, migreny, nerwob\u00f3le,<\/li>\n<li>sztywno\u015b\u0107, skurcze mi\u0119\u015bni,<\/li>\n<li>b\u00f3l plec\u00f3w, b\u00f3l w klatce piersiowej, b\u00f3l mi\u0119dzy\u017cebrowy,<\/li>\n<li>lumbalgia, lumbago,\u00a0rwa kulszowa,<\/li>\n<li>b\u00f3le staw\u00f3w (bioder, kolan itd.), b\u00f3le pachwinowe,<\/li>\n<li>skr\u0119cenia stawu skokowego, zapalenia \u015bci\u0119gna Achillesa,<\/li>\n<li>neuroma Mortona, zapalenie rozci\u0119gna podeszwowego,<\/li>\n<li>zesp\u00f3\u0142 zamarzni\u0119tego barku, uszkodzenie sto\u017cka rotator\u00f3w,<\/li>\n<li>zapalenie b\u0142ony \u015bluzowej \u017co\u0142\u0105dka, \u015br\u00f3dmi\u0105\u017cszowe zapalenie b\u0142ony \u015bluzowej nosa, zapalenie kaletki,<\/li>\n<li>zesp\u00f3\u0142 cie\u015bni nadgarstka, choroba De Quervaina, torbiele \u015bci\u0119gna,<\/li>\n<li>choroba zwyrodnieniowa, choroba Dupuytrena.<\/li>\n<\/ul>\n<p>Przyk\u0142adowe wskazania do zastosowania terapii (dysfunkcje narz\u0105d\u00f3w wewn\u0119trznych):<\/p>\n<ul>\n<li>uczucie guza w gardle, obni\u017cenie g\u0142osu, dysfagia,<\/li>\n<li>zawroty g\u0142owy, ci\u0119\u017cko\u015b\u0107 g\u0142owy, utrata pami\u0119ci,<\/li>\n<li>torbiele tarczycy, trwa\u0142e zm\u0119czenie, dr\u017cenie<\/li>\n<li>arytmia, bradykardia,\u00a0ko\u0142atanie serca,<\/li>\n<li>kaszel, duszno\u015b\u0107,\u00a0nawracaj\u0105ce zaka\u017cenia oskrzeli,<\/li>\n<li>refluks \u017co\u0142\u0105dkowo-prze\u0142ykowy, wzd\u0119cie po posi\u0142kach, zgaga,<\/li>\n<li>oliguria, powstawanie kamieni nerkowych,<\/li>\n<li>zaburzenia w\u0105troby, kolka \u017c\u00f3\u0142ciowa,<\/li>\n<li>b\u00f3l jelita grubego (zapalenie jelita grubego),<\/li>\n<li>uczucie ci\u0119\u017cko\u015bci w miednicy, zapalenie, nawracaj\u0105ce infekcje i stagnacja p\u0119cherza moczowego,<\/li>\n<li>b\u00f3l pochwy, torbiele jajnik\u00f3w,<\/li>\n<li>zaka\u017cenia gard\u0142a (zapalenie gard\u0142a, zapalenie migda\u0142k\u00f3w),<\/li>\n<li>obrz\u0119k ko\u0144czyn spowodowany stagnacj\u0105 limfatyczn\u0105,<\/li>\n<li>bolesna tkanka t\u0142uszczowa (zapalenie tkanki \u0142\u0105cznej),<\/li>\n<li>zaburzenia metaboliczne (hiper lub hipo),<\/li>\n<li>poczucie ch\u0142odu w ko\u0144czynach lub\u00a0na ciele,<\/li>\n<li>zapalenie sk\u00f3ry lub inne zmiany sk\u00f3rne<\/li>\n<li>dysfunkcje:<br \/>\nUk\u0142ad oddechowy: nawracaj\u0105ce zapalenie oskrzeli, zapalenie zatok, zapalenie tchawicy.<br \/>\nUk\u0142ad pokarmowy: zaparcia, biegunki.<br \/>\nUk\u0142ad sercowo-naczyniowy: skurcze, obrz\u0119k, \u017cylaki, \u017cylaki odbytu.<br \/>\nUk\u0142ad moczowy: zaburzenia czynno\u015bci nerek i p\u0119cherza moczowego.<br \/>\nUk\u0142ad endokrynologiczny: zaburzenia hormonalne.<br \/>\nUk\u0142ad krwiotw\u00f3rczy: niedokrwisto\u015b\u0107, zmiany w kom\u00f3rkach krwi.<\/li>\n<\/ul>\n<h6><a href=\"https:\/\/www.kinesiologytaping.pl\/\"><span style=\"color: #89e4ed;\">K-Active\u00ae<\/span><\/a><\/h6>\n<p><img loading=\"lazy\" decoding=\"async\" class=\"alignleft wp-image-335\" src=\"http:\/\/www.slupinska.pl\/wp-content\/uploads\/2017\/04\/Zrzut-ekranu-2017-08-29-godz.-10.12.04.png\" alt=\"\" width=\"140\" height=\"145\" \/><\/p>\n<p>To metoda, kt\u00f3ra pozwala na osi\u0105ganie doskona\u0142ych rezultat\u00f3w terapeutycznych przez dzia\u0142anie sensoryczne plastra kinesiology tape\/k-active tape. Kinesiology Taping to terapia \u0142\u0105cz\u0105ca elementy medycyny europejskiej i dalekowschodniej gdzie nie leczy si\u0119 choroby (objaw\u00f3w) ale pacjenta. W terapii wykorzystujemy plaster k-active tape o parametrach zbli\u017conych do w\u0142a\u015bciwo\u015bci ludzkiej sk\u00f3ry.<\/p>\n","protected":false},"excerpt":{"rendered":"<p>Podczas terapii najcz\u0119\u015bciej wykorzystuj\u0119 techniki,\u00a0kt\u00f3re uwzgl\u0119dniaj\u0105 holistyczne podej\u015bcie do cia\u0142a oraz s\u0105 pomocne w leczeniu wybranych obszar\u00f3w. Cz\u0119sto jako uzupe\u0142nienie terapii stosuj\u0119 indywidualnie dobrane \u0107wiczenia. Najcz\u0119\u015bciej \u00a0w pracy wykorzystuj\u0119 metody przedstawione poni\u017cej: CRAFTA\u00ae (Cranial Facial &hellip;<\/p>\n","protected":false},"author":1,"featured_media":0,"parent":0,"menu_order":0,"comment_status":"closed","ping_status":"closed","template":"","meta":{"footnotes":""},"class_list":["post-11","page","type-page","status-publish","hentry"],"_links":{"self":[{"href":"http:\/\/www.slupinska.pl\/index.php\/wp-json\/wp\/v2\/pages\/11","targetHints":{"allow":["GET"]}}],"collection":[{"href":"http:\/\/www.slupinska.pl\/index.php\/wp-json\/wp\/v2\/pages"}],"about":[{"href":"http:\/\/www.slupinska.pl\/index.php\/wp-json\/wp\/v2\/types\/page"}],"author":[{"embeddable":true,"href":"http:\/\/www.slupinska.pl\/index.php\/wp-json\/wp\/v2\/users\/1"}],"replies":[{"embeddable":true,"href":"http:\/\/www.slupinska.pl\/index.php\/wp-json\/wp\/v2\/comments?post=11"}],"version-history":[{"count":19,"href":"http:\/\/www.slupinska.pl\/index.php\/wp-json\/wp\/v2\/pages\/11\/revisions"}],"predecessor-version":[{"id":740,"href":"http:\/\/www.slupinska.pl\/index.php\/wp-json\/wp\/v2\/pages\/11\/revisions\/740"}],"wp:attachment":[{"href":"http:\/\/www.slupinska.pl\/index.php\/wp-json\/wp\/v2\/media?parent=11"}],"curies":[{"name":"wp","href":"https:\/\/api.w.org\/{rel}","templated":true}]}}