{"id":193,"date":"2017-04-29T17:52:52","date_gmt":"2017-04-29T15:52:52","guid":{"rendered":"http:\/\/www.slupinska.pl\/?page_id=193"},"modified":"2025-07-08T09:17:16","modified_gmt":"2025-07-08T07:17:16","slug":"praktyka","status":"publish","type":"page","link":"http:\/\/www.slupinska.pl\/index.php\/praktyka\/","title":{"rendered":"Do\u015bwiadczenie"},"content":{"rendered":"<p class=\"p1\"><strong><span class=\"s1\" style=\"color: #89e4ed;\">Ma\u0142opolskie Centrum Zdrowia, Krak\u00f3w<\/span><\/strong><\/p>\n<ul>\n<li><span class=\"s1\">I 2024 \u2013 obecnie<\/span><\/li>\n<\/ul>\n<p class=\"p1\"><strong><span class=\"s1\" style=\"color: #89e4ed;\">ArtDent Gabinet stomatologiczno \u2013 protetyczny, Krak\u00f3w<\/span><\/strong><\/p>\n<ul>\n<li><span class=\"s1\">III 2023 \u2013 obecnie<\/span><\/li>\n<\/ul>\n<p class=\"p1\"><strong><span class=\"s1\" style=\"color: #89e4ed;\">Krakowski Szpital Specjalistyczny im. Jana Paw\u0142a II w Krakowie<\/span><\/strong><\/p>\n<ul>\n<li class=\"p2\"><span class=\"s1\">Oddzia\u0142 Anestezjologii i Intensywnej Terapii Medycznej<\/span><\/li>\n<li class=\"p2\"><span class=\"s1\">IX 2014 \u2013 obecnie<\/span><\/li>\n<\/ul>\n<p><strong><span style=\"color: #89e4ed;\">W\u0142\u0105cz aktywno\u015b\u0107 z Dorot\u0105 \u015awieniewicz<\/span><\/strong><\/p>\n<ul>\n<li>prelegent podczas spotka\u0144 z dzie\u0107mi i m\u0142odzie\u017c\u0105\u00a0w 5 miastach w Polsce (2018)<\/li>\n<\/ul>\n<p><strong><span style=\"color: #89e4ed;\">New York College of Podiatric Medicine, Stany Zjednoczone<\/span><\/strong><\/p>\n<ul>\n<li>sta\u017c kr\u00f3tkoterminowy: 17-28 VII 2017<\/li>\n<\/ul>\n<p><strong><span style=\"color: #89e4ed;\">W\u0142\u0105cz aktywno\u015b\u0107 z Ma\u0142gorzat\u0105 Glink\u0105<\/span> <span style=\"color: #89e4ed;\">&#8211; w poszukiwaniu siatkarskich talent\u00f3w<\/span><\/strong><\/p>\n<ul>\n<li>prelegent podczas spotka\u0144 z dzie\u0107mi i m\u0142odzie\u017c\u0105\u00a0w 5 miastach w Polsce (2017)<\/li>\n<\/ul>\n<p><strong><span class=\"s1\" style=\"color: #89e4ed;\">Uczestnictwo w dniu meczowym WTA Katowice Open <\/span><\/strong><\/p>\n<ul>\n<li class=\"p2\"><span class=\"s1\">sztab fizjoterapeutyczny: Anne Sophie Laura, Federica Scalabrino (Katowice, 2016)<\/span><\/li>\n<\/ul>\n<p><strong><span class=\"s1\" style=\"color: #89e4ed;\">Cl\u00ednica do Drag\u00e3o &#8211; Espregueira-Mendes Sports Centre, Porto, Portugal &#8211; FIFA Medical Clinic of Excellence<\/span><\/strong><\/p>\n<ul>\n<li><span class=\"s1\">sta\u017c kr\u00f3tkoterminowy: VIII 2015<\/span><\/li>\n<\/ul>\n<p><strong><span class=\"s1\" style=\"color: #89e4ed;\">GVM Care &amp; Research, Anthea Hospital Bari, W\u0142ochy<\/span><\/strong><\/p>\n<ul>\n<li class=\"p2\"><span class=\"s1\">3-miesi\u0119czny sta\u017c: VII \u2013 IX 2013<\/span><\/li>\n<li class=\"p2\"><span class=\"s1\">Oddzia\u0142 Ortopedii, Kardiochirurgii oraz Intensywnej Terapii<span class=\"Apple-converted-space\">\u00a0 \u00a0 \u00a0 \u00a0 \u00a0<\/span><\/span><\/li>\n<\/ul>\n<p><strong><span class=\"s1\" style=\"color: #89e4ed;\">Wojskowy Szpital Kliniczny w Krakowie<\/span><\/strong><\/p>\n<ul>\n<li class=\"p2\"><span class=\"s1\">Kliniczny Oddzia\u0142 Neurologiczny<span class=\"Apple-converted-space\">\u00a0 \u00a0 \u00a0 \u00a0 \u00a0 \u00a0 \u00a0 \u00a0 \u00a0 \u00a0 \u00a0 \u00a0 \u00a0 \u00a0 \u00a0 \u00a0 \u00a0 \u00a0 \u00a0 \u00a0 \u00a0 \u00a0 \u00a0 \u00a0 \u00a0 \u00a0 \u00a0 \u00a0 \u00a0<\/span><\/span><\/li>\n<li class=\"p2\"><span class=\"s1\">sta\u017c kr\u00f3tkoterminowy: VIII 2012<\/span><\/li>\n<\/ul>\n<p><center><img loading=\"lazy\" decoding=\"async\" class=\"alignnone wp-image-83 size-thumbnail\" title=\"Monika S\u0142upi\u0144ska Fizjoterapeuta\" src=\"http:\/\/www.slupinska.pl\/wp-content\/uploads\/2017\/04\/IMG-20130918-WA0004-150x150.jpg\" alt=\"Monika S\u0142upi\u0144ska Fizjoterapeuta\" width=\"150\" height=\"150\" srcset=\"http:\/\/www.slupinska.pl\/wp-content\/uploads\/2017\/04\/IMG-20130918-WA0004-150x150.jpg 150w, http:\/\/www.slupinska.pl\/wp-content\/uploads\/2017\/04\/IMG-20130918-WA0004-300x300.jpg 300w, http:\/\/www.slupinska.pl\/wp-content\/uploads\/2017\/04\/IMG-20130918-WA0004-100x100.jpg 100w\" sizes=\"auto, (max-width: 150px) 100vw, 150px\" \/><img loading=\"lazy\" decoding=\"async\" class=\"alignnone wp-image-119 size-thumbnail\" title=\"Monika S\u0142upi\u0144ska Agnieszka Wnuk\" src=\"http:\/\/www.slupinska.pl\/wp-content\/uploads\/2017\/04\/2015-08-28-06.12.44-1-150x150.jpg\" alt=\"\" width=\"150\" height=\"150\" srcset=\"http:\/\/www.slupinska.pl\/wp-content\/uploads\/2017\/04\/2015-08-28-06.12.44-1-150x150.jpg 150w, http:\/\/www.slupinska.pl\/wp-content\/uploads\/2017\/04\/2015-08-28-06.12.44-1-300x300.jpg 300w, http:\/\/www.slupinska.pl\/wp-content\/uploads\/2017\/04\/2015-08-28-06.12.44-1-100x100.jpg 100w\" sizes=\"auto, (max-width: 150px) 100vw, 150px\" \/><img loading=\"lazy\" decoding=\"async\" class=\"alignnone wp-image-341\" title=\"Monika S\u0142upi\u0144ska Agnieszka Wnuk\" src=\"http:\/\/www.slupinska.pl\/wp-content\/uploads\/2017\/04\/IMG_2551F-300x170.jpg\" alt=\"\" width=\"265\" height=\"150\" \/><\/center><\/p>\n","protected":false},"excerpt":{"rendered":"<p>Ma\u0142opolskie Centrum Zdrowia, Krak\u00f3w I 2024 \u2013 obecnie ArtDent Gabinet stomatologiczno \u2013 protetyczny, Krak\u00f3w III 2023 \u2013 obecnie Krakowski Szpital Specjalistyczny im. Jana Paw\u0142a II w Krakowie Oddzia\u0142 Anestezjologii i Intensywnej Terapii Medycznej IX 2014 &hellip;<\/p>\n","protected":false},"author":1,"featured_media":0,"parent":0,"menu_order":0,"comment_status":"closed","ping_status":"closed","template":"","meta":{"footnotes":""},"class_list":["post-193","page","type-page","status-publish","hentry"],"_links":{"self":[{"href":"http:\/\/www.slupinska.pl\/index.php\/wp-json\/wp\/v2\/pages\/193","targetHints":{"allow":["GET"]}}],"collection":[{"href":"http:\/\/www.slupinska.pl\/index.php\/wp-json\/wp\/v2\/pages"}],"about":[{"href":"http:\/\/www.slupinska.pl\/index.php\/wp-json\/wp\/v2\/types\/page"}],"author":[{"embeddable":true,"href":"http:\/\/www.slupinska.pl\/index.php\/wp-json\/wp\/v2\/users\/1"}],"replies":[{"embeddable":true,"href":"http:\/\/www.slupinska.pl\/index.php\/wp-json\/wp\/v2\/comments?post=193"}],"version-history":[{"count":27,"href":"http:\/\/www.slupinska.pl\/index.php\/wp-json\/wp\/v2\/pages\/193\/revisions"}],"predecessor-version":[{"id":843,"href":"http:\/\/www.slupinska.pl\/index.php\/wp-json\/wp\/v2\/pages\/193\/revisions\/843"}],"wp:attachment":[{"href":"http:\/\/www.slupinska.pl\/index.php\/wp-json\/wp\/v2\/media?parent=193"}],"curies":[{"name":"wp","href":"https:\/\/api.w.org\/{rel}","templated":true}]}}