{"id":199,"date":"2017-04-29T17:53:40","date_gmt":"2017-04-29T15:53:40","guid":{"rendered":"http:\/\/www.slupinska.pl\/?page_id=199"},"modified":"2024-05-24T12:52:50","modified_gmt":"2024-05-24T10:52:50","slug":"narciarstwo-alpejskie","status":"publish","type":"page","link":"http:\/\/www.slupinska.pl\/index.php\/narciarstwo-alpejskie\/","title":{"rendered":"Narciarstwo alpejskie"},"content":{"rendered":"<h5 class=\"p1\" style=\"text-align: center;\">Je\u015bli chcia\u0142by\u015b um\u00f3wi\u0107 si\u0119 na zaj\u0119cia indywidualne lub organizujesz szkolenia i poszukujesz Instruktora &#8211;\u00a0zapraszam do kontaktu!<\/h5>\n<p class=\"p1\"><i><\/i><span class=\"s1\">Na nartach je\u017cd\u017c\u0119 od najm\u0142odszych lat. W 2006 uko\u0144czy\u0142am kurs kwalifikacyjny i rok p\u00f3\u017aniej zosta\u0142am Pomocnikiem Instruktora SITN-PZN. Stopie\u0144 ten umo\u017cliwi\u0142 mi prac\u0119 z najlepszymi w szkole narciarskiej Hski w Zakopanem z kt\u00f3r\u0105 zwi\u0105zana jestem do dnia dzisiejszego. W roku 2011 uzyska\u0142am stopie\u0144 Instruktora SITN-PZN.\u00a0<\/span>Obecnie najwi\u0119cej czasu na nartach po\u015bwi\u0119cam na szkolenie nowych narciarzy. Podejmuj\u0119 wsp\u00f3\u0142prac\u0119 z klubami i szko\u0142ami narciarskimi oraz osobami prywatnymi.<\/p>\n<h6 class=\"p2\" style=\"text-align: left;\"><span style=\"color: #89e4ed;\"><span class=\"s1\">Najwa\u017cniejsze osiagni\u0119cia<\/span><\/span><\/h6>\n<ul>\n<li class=\"p2\"><span class=\"s1\">III miejsce w Mistrzostwach Polski Instruktor\u00f3w 2015 (Kluszkowce)<\/span><\/li>\n<li class=\"p2\">II miejsce w Mistrzostwach Krakowa Amator\u00f3w PZN 2014 &#8211; slalom (Rabka Polczak\u00f3wka)<\/li>\n<li class=\"p2\">III miejsce w Akademickich Mistrzostwach Polski 2014 &#8211; klasyfikacja indywidualna w typach uczelnie medyczne, slalom gigant (Zakopane Harenda)<\/li>\n<li class=\"p2\">IV miejsce w Eliminacjach Akademickich Mistrzostw Polski 2014 &#8211; AZS Wintercup &#8211; slalom gigant (Zakopane Harenda)<\/li>\n<li class=\"p2\">III miejsce w Fina\u0142ach Mistrzostw Polski Amator\u00f3w PZN 2013 &#8211; slalom gigant (Kasprowy Wierch)<\/li>\n<li class=\"p2\">I miejsce w Fina\u0142ach Mistrzostw Polski Amator\u00f3w PZN 2012 &#8211; slalom gigant (Kluszkowce)<\/li>\n<li class=\"p2\">I miejsce w Akademickich Mistrzostwach Ma\u0142opolski 2012 (rzut I) &#8211; slalom gigant (Nowy Targ)<\/li>\n<li class=\"p2\">I miejsce w Akademickich Mistrzostwach Ma\u0142opolski 2012 (rzut IV) &#8211; slalom gigant (Kluszkowce)<\/li>\n<li class=\"p2\">Dru\u017cynowe I miejsce w Mistrzostwach Polski Uczelni Medycznych 2015 &#8211; klasyfikacja generalnia kobiet (Ma\u0142e Ciche)<\/li>\n<\/ul>\n<p class=\"p2\"><img loading=\"lazy\" decoding=\"async\" class=\"alignnone size-medium wp-image-73\" src=\"http:\/\/www.slupinska.pl\/wp-content\/uploads\/2017\/04\/2016-11-28-05.53.00-2-169x300.jpg\" alt=\"\" width=\"169\" height=\"300\" srcset=\"http:\/\/www.slupinska.pl\/wp-content\/uploads\/2017\/04\/2016-11-28-05.53.00-2-169x300.jpg 169w, http:\/\/www.slupinska.pl\/wp-content\/uploads\/2017\/04\/2016-11-28-05.53.00-2-600x1067.jpg 600w, http:\/\/www.slupinska.pl\/wp-content\/uploads\/2017\/04\/2016-11-28-05.53.00-2-768x1365.jpg 768w, http:\/\/www.slupinska.pl\/wp-content\/uploads\/2017\/04\/2016-11-28-05.53.00-2-576x1024.jpg 576w, http:\/\/www.slupinska.pl\/wp-content\/uploads\/2017\/04\/2016-11-28-05.53.00-2.jpg 1080w\" sizes=\"auto, (max-width: 169px) 100vw, 169px\" \/><img loading=\"lazy\" decoding=\"async\" class=\"size-medium wp-image-234\" src=\"http:\/\/www.slupinska.pl\/wp-content\/uploads\/2017\/04\/small_20120318_IMG_0694-200x300.jpg\" alt=\"\" width=\"200\" height=\"300\" srcset=\"http:\/\/www.slupinska.pl\/wp-content\/uploads\/2017\/04\/small_20120318_IMG_0694-200x300.jpg 200w, http:\/\/www.slupinska.pl\/wp-content\/uploads\/2017\/04\/small_20120318_IMG_0694.jpg 467w\" sizes=\"auto, (max-width: 200px) 100vw, 200px\" \/><img loading=\"lazy\" decoding=\"async\" class=\"alignnone size-medium wp-image-59\" style=\"font-size: 1rem; line-height: 1.5;\" src=\"http:\/\/www.slupinska.pl\/wp-content\/uploads\/2017\/04\/MPA-eliminacje-2-200x300.png\" alt=\"\" width=\"200\" height=\"300\" srcset=\"http:\/\/www.slupinska.pl\/wp-content\/uploads\/2017\/04\/MPA-eliminacje-2-200x300.png 200w, http:\/\/www.slupinska.pl\/wp-content\/uploads\/2017\/04\/MPA-eliminacje-2.png 337w\" sizes=\"auto, (max-width: 200px) 100vw, 200px\" \/><img loading=\"lazy\" decoding=\"async\" class=\"size-medium wp-image-231\" src=\"http:\/\/www.slupinska.pl\/wp-content\/uploads\/2017\/04\/20120221_hski-044-200x300.jpg\" alt=\"\" width=\"200\" height=\"300\" srcset=\"http:\/\/www.slupinska.pl\/wp-content\/uploads\/2017\/04\/20120221_hski-044-200x300.jpg 200w, http:\/\/www.slupinska.pl\/wp-content\/uploads\/2017\/04\/20120221_hski-044-600x900.jpg 600w, http:\/\/www.slupinska.pl\/wp-content\/uploads\/2017\/04\/20120221_hski-044-768x1152.jpg 768w, http:\/\/www.slupinska.pl\/wp-content\/uploads\/2017\/04\/20120221_hski-044-683x1024.jpg 683w, http:\/\/www.slupinska.pl\/wp-content\/uploads\/2017\/04\/20120221_hski-044-scaled.jpg 1707w\" sizes=\"auto, (max-width: 200px) 100vw, 200px\" \/><\/p>\n<p class=\"p2\"><img loading=\"lazy\" decoding=\"async\" class=\"alignnone size-medium wp-image-237\" src=\"http:\/\/www.slupinska.pl\/wp-content\/uploads\/2017\/04\/20120420_101332_263-300x200.jpg\" alt=\"\" width=\"300\" height=\"200\" srcset=\"http:\/\/www.slupinska.pl\/wp-content\/uploads\/2017\/04\/20120420_101332_263-300x200.jpg 300w, http:\/\/www.slupinska.pl\/wp-content\/uploads\/2017\/04\/20120420_101332_263-600x400.jpg 600w, http:\/\/www.slupinska.pl\/wp-content\/uploads\/2017\/04\/20120420_101332_263.jpg 720w\" sizes=\"auto, (max-width: 300px) 100vw, 300px\" \/><img loading=\"lazy\" decoding=\"async\" class=\"alignnone size-medium wp-image-258\" src=\"http:\/\/www.slupinska.pl\/wp-content\/uploads\/2017\/04\/20131220_090414_012-300x200.jpg\" alt=\"\" width=\"300\" height=\"200\" srcset=\"http:\/\/www.slupinska.pl\/wp-content\/uploads\/2017\/04\/20131220_090414_012-300x200.jpg 300w, http:\/\/www.slupinska.pl\/wp-content\/uploads\/2017\/04\/20131220_090414_012-600x400.jpg 600w, http:\/\/www.slupinska.pl\/wp-content\/uploads\/2017\/04\/20131220_090414_012-768x512.jpg 768w, http:\/\/www.slupinska.pl\/wp-content\/uploads\/2017\/04\/20131220_090414_012.jpg 960w\" sizes=\"auto, (max-width: 300px) 100vw, 300px\" \/><img loading=\"lazy\" decoding=\"async\" class=\"alignnone size-medium wp-image-260\" src=\"http:\/\/www.slupinska.pl\/wp-content\/uploads\/2017\/04\/20150301_090240_008-300x200.jpg\" alt=\"\" width=\"300\" height=\"200\" srcset=\"http:\/\/www.slupinska.pl\/wp-content\/uploads\/2017\/04\/20150301_090240_008-300x200.jpg 300w, http:\/\/www.slupinska.pl\/wp-content\/uploads\/2017\/04\/20150301_090240_008-600x400.jpg 600w, http:\/\/www.slupinska.pl\/wp-content\/uploads\/2017\/04\/20150301_090240_008-768x512.jpg 768w, http:\/\/www.slupinska.pl\/wp-content\/uploads\/2017\/04\/20150301_090240_008.jpg 1024w\" sizes=\"auto, (max-width: 300px) 100vw, 300px\" \/><img loading=\"lazy\" decoding=\"async\" class=\"alignnone size-medium wp-image-259\" src=\"http:\/\/www.slupinska.pl\/wp-content\/uploads\/2017\/04\/1978723_735141456520568_688606981_n-300x199.jpg\" alt=\"\" width=\"300\" height=\"199\" srcset=\"http:\/\/www.slupinska.pl\/wp-content\/uploads\/2017\/04\/1978723_735141456520568_688606981_n-300x199.jpg 300w, http:\/\/www.slupinska.pl\/wp-content\/uploads\/2017\/04\/1978723_735141456520568_688606981_n-600x398.jpg 600w, http:\/\/www.slupinska.pl\/wp-content\/uploads\/2017\/04\/1978723_735141456520568_688606981_n-768x509.jpg 768w, http:\/\/www.slupinska.pl\/wp-content\/uploads\/2017\/04\/1978723_735141456520568_688606981_n.jpg 960w\" sizes=\"auto, (max-width: 300px) 100vw, 300px\" \/><img loading=\"lazy\" decoding=\"async\" class=\"alignnone size-medium wp-image-261\" src=\"http:\/\/www.slupinska.pl\/wp-content\/uploads\/2017\/04\/20120419_102016_222-300x200.jpg\" alt=\"\" width=\"300\" height=\"200\" srcset=\"http:\/\/www.slupinska.pl\/wp-content\/uploads\/2017\/04\/20120419_102016_222-300x200.jpg 300w, http:\/\/www.slupinska.pl\/wp-content\/uploads\/2017\/04\/20120419_102016_222-600x400.jpg 600w, http:\/\/www.slupinska.pl\/wp-content\/uploads\/2017\/04\/20120419_102016_222.jpg 720w\" sizes=\"auto, (max-width: 300px) 100vw, 300px\" \/><img loading=\"lazy\" decoding=\"async\" class=\"alignnone size-medium wp-image-63\" style=\"font-size: 1rem; line-height: 1.5;\" src=\"http:\/\/www.slupinska.pl\/wp-content\/uploads\/2017\/04\/dsc_5681-300x200.jpg\" alt=\"\" width=\"300\" height=\"200\" srcset=\"http:\/\/www.slupinska.pl\/wp-content\/uploads\/2017\/04\/dsc_5681-300x200.jpg 300w, http:\/\/www.slupinska.pl\/wp-content\/uploads\/2017\/04\/dsc_5681-600x400.jpg 600w, http:\/\/www.slupinska.pl\/wp-content\/uploads\/2017\/04\/dsc_5681-768x512.jpg 768w, http:\/\/www.slupinska.pl\/wp-content\/uploads\/2017\/04\/dsc_5681.jpg 1024w\" sizes=\"auto, (max-width: 300px) 100vw, 300px\" \/><img loading=\"lazy\" decoding=\"async\" class=\"alignnone size-medium wp-image-262\" src=\"http:\/\/www.slupinska.pl\/wp-content\/uploads\/2017\/04\/20120417_133922_169-300x200.jpg\" alt=\"\" width=\"300\" height=\"200\" srcset=\"http:\/\/www.slupinska.pl\/wp-content\/uploads\/2017\/04\/20120417_133922_169-300x200.jpg 300w, http:\/\/www.slupinska.pl\/wp-content\/uploads\/2017\/04\/20120417_133922_169-600x400.jpg 600w, http:\/\/www.slupinska.pl\/wp-content\/uploads\/2017\/04\/20120417_133922_169.jpg 720w\" sizes=\"auto, (max-width: 300px) 100vw, 300px\" \/><img loading=\"lazy\" decoding=\"async\" class=\"alignnone size-medium wp-image-230\" src=\"http:\/\/www.slupinska.pl\/wp-content\/uploads\/2017\/04\/961560_10206421615325436_1441790506_n-300x225.jpg\" alt=\"\" width=\"300\" height=\"225\" srcset=\"http:\/\/www.slupinska.pl\/wp-content\/uploads\/2017\/04\/961560_10206421615325436_1441790506_n-300x225.jpg 300w, http:\/\/www.slupinska.pl\/wp-content\/uploads\/2017\/04\/961560_10206421615325436_1441790506_n-600x450.jpg 600w, http:\/\/www.slupinska.pl\/wp-content\/uploads\/2017\/04\/961560_10206421615325436_1441790506_n-768x576.jpg 768w, http:\/\/www.slupinska.pl\/wp-content\/uploads\/2017\/04\/961560_10206421615325436_1441790506_n.jpg 960w\" sizes=\"auto, (max-width: 300px) 100vw, 300px\" \/><img loading=\"lazy\" decoding=\"async\" class=\"alignnone size-medium wp-image-235\" src=\"http:\/\/www.slupinska.pl\/wp-content\/uploads\/2017\/04\/Snow-Day-Zakopane-300x221.png\" alt=\"\" width=\"300\" height=\"221\" srcset=\"http:\/\/www.slupinska.pl\/wp-content\/uploads\/2017\/04\/Snow-Day-Zakopane-300x221.png 300w, http:\/\/www.slupinska.pl\/wp-content\/uploads\/2017\/04\/Snow-Day-Zakopane-600x443.png 600w, http:\/\/www.slupinska.pl\/wp-content\/uploads\/2017\/04\/Snow-Day-Zakopane-768x567.png 768w, http:\/\/www.slupinska.pl\/wp-content\/uploads\/2017\/04\/Snow-Day-Zakopane.png 801w\" sizes=\"auto, (max-width: 300px) 100vw, 300px\" \/><\/p>\n<p><img loading=\"lazy\" decoding=\"async\" class=\"alignnone size-medium wp-image-180\" src=\"http:\/\/www.slupinska.pl\/wp-content\/uploads\/2017\/04\/worldsnowday-218x300.jpeg\" alt=\"\" width=\"218\" height=\"300\" srcset=\"http:\/\/www.slupinska.pl\/wp-content\/uploads\/2017\/04\/worldsnowday-218x300.jpeg 218w, http:\/\/www.slupinska.pl\/wp-content\/uploads\/2017\/04\/worldsnowday-600x826.jpeg 600w, http:\/\/www.slupinska.pl\/wp-content\/uploads\/2017\/04\/worldsnowday-768x1057.jpeg 768w, http:\/\/www.slupinska.pl\/wp-content\/uploads\/2017\/04\/worldsnowday-744x1024.jpeg 744w, http:\/\/www.slupinska.pl\/wp-content\/uploads\/2017\/04\/worldsnowday-scaled.jpeg 1860w\" sizes=\"auto, (max-width: 218px) 100vw, 218px\" \/><img loading=\"lazy\" decoding=\"async\" class=\"alignnone size-medium wp-image-127\" src=\"http:\/\/www.slupinska.pl\/wp-content\/uploads\/2017\/04\/AMP2012-218x300.jpeg\" alt=\"\" width=\"218\" height=\"300\" srcset=\"http:\/\/www.slupinska.pl\/wp-content\/uploads\/2017\/04\/AMP2012-218x300.jpeg 218w, http:\/\/www.slupinska.pl\/wp-content\/uploads\/2017\/04\/AMP2012-600x826.jpeg 600w, http:\/\/www.slupinska.pl\/wp-content\/uploads\/2017\/04\/AMP2012-768x1057.jpeg 768w, http:\/\/www.slupinska.pl\/wp-content\/uploads\/2017\/04\/AMP2012-744x1024.jpeg 744w, http:\/\/www.slupinska.pl\/wp-content\/uploads\/2017\/04\/AMP2012-scaled.jpeg 1860w\" sizes=\"auto, (max-width: 218px) 100vw, 218px\" \/><img loading=\"lazy\" decoding=\"async\" class=\"alignnone size-medium wp-image-160\" src=\"http:\/\/www.slupinska.pl\/wp-content\/uploads\/2017\/04\/krk2014-218x300.jpeg\" alt=\"\" width=\"218\" height=\"300\" srcset=\"http:\/\/www.slupinska.pl\/wp-content\/uploads\/2017\/04\/krk2014-218x300.jpeg 218w, http:\/\/www.slupinska.pl\/wp-content\/uploads\/2017\/04\/krk2014-600x826.jpeg 600w, http:\/\/www.slupinska.pl\/wp-content\/uploads\/2017\/04\/krk2014-768x1057.jpeg 768w, http:\/\/www.slupinska.pl\/wp-content\/uploads\/2017\/04\/krk2014-744x1024.jpeg 744w, http:\/\/www.slupinska.pl\/wp-content\/uploads\/2017\/04\/krk2014-scaled.jpeg 1860w\" sizes=\"auto, (max-width: 218px) 100vw, 218px\" \/><img loading=\"lazy\" decoding=\"async\" class=\"alignnone size-medium wp-image-139\" src=\"http:\/\/www.slupinska.pl\/wp-content\/uploads\/2017\/04\/demonstratorzy-215x300.jpeg\" alt=\"\" width=\"215\" height=\"300\" srcset=\"http:\/\/www.slupinska.pl\/wp-content\/uploads\/2017\/04\/demonstratorzy-215x300.jpeg 215w, http:\/\/www.slupinska.pl\/wp-content\/uploads\/2017\/04\/demonstratorzy-600x836.jpeg 600w, http:\/\/www.slupinska.pl\/wp-content\/uploads\/2017\/04\/demonstratorzy-768x1070.jpeg 768w, http:\/\/www.slupinska.pl\/wp-content\/uploads\/2017\/04\/demonstratorzy-735x1024.jpeg 735w, http:\/\/www.slupinska.pl\/wp-content\/uploads\/2017\/04\/demonstratorzy-scaled.jpeg 1837w\" sizes=\"auto, (max-width: 215px) 100vw, 215px\" \/><\/p>\n<p><img loading=\"lazy\" decoding=\"async\" class=\"alignnone size-medium wp-image-172\" src=\"http:\/\/www.slupinska.pl\/wp-content\/uploads\/2017\/04\/ozi55dwuboj-215x300.jpeg\" alt=\"\" width=\"215\" height=\"300\" srcset=\"http:\/\/www.slupinska.pl\/wp-content\/uploads\/2017\/04\/ozi55dwuboj-215x300.jpeg 215w, http:\/\/www.slupinska.pl\/wp-content\/uploads\/2017\/04\/ozi55dwuboj-600x836.jpeg 600w, http:\/\/www.slupinska.pl\/wp-content\/uploads\/2017\/04\/ozi55dwuboj-768x1070.jpeg 768w, http:\/\/www.slupinska.pl\/wp-content\/uploads\/2017\/04\/ozi55dwuboj-735x1024.jpeg 735w, http:\/\/www.slupinska.pl\/wp-content\/uploads\/2017\/04\/ozi55dwuboj-scaled.jpeg 1837w\" sizes=\"auto, (max-width: 215px) 100vw, 215px\" \/><img loading=\"lazy\" decoding=\"async\" class=\"alignnone size-medium wp-image-126\" src=\"http:\/\/www.slupinska.pl\/wp-content\/uploads\/2017\/04\/amp4m-215x300.jpeg\" alt=\"\" width=\"215\" height=\"300\" srcset=\"http:\/\/www.slupinska.pl\/wp-content\/uploads\/2017\/04\/amp4m-215x300.jpeg 215w, http:\/\/www.slupinska.pl\/wp-content\/uploads\/2017\/04\/amp4m-600x836.jpeg 600w, http:\/\/www.slupinska.pl\/wp-content\/uploads\/2017\/04\/amp4m-768x1070.jpeg 768w, http:\/\/www.slupinska.pl\/wp-content\/uploads\/2017\/04\/amp4m-735x1024.jpeg 735w, http:\/\/www.slupinska.pl\/wp-content\/uploads\/2017\/04\/amp4m-scaled.jpeg 1837w\" sizes=\"auto, (max-width: 215px) 100vw, 215px\" \/><img loading=\"lazy\" decoding=\"async\" class=\"alignnone size-medium wp-image-171\" src=\"http:\/\/www.slupinska.pl\/wp-content\/uploads\/2017\/04\/OZI4m-218x300.jpeg\" alt=\"\" width=\"218\" height=\"300\" srcset=\"http:\/\/www.slupinska.pl\/wp-content\/uploads\/2017\/04\/OZI4m-218x300.jpeg 218w, http:\/\/www.slupinska.pl\/wp-content\/uploads\/2017\/04\/OZI4m-600x826.jpeg 600w, http:\/\/www.slupinska.pl\/wp-content\/uploads\/2017\/04\/OZI4m-768x1057.jpeg 768w, http:\/\/www.slupinska.pl\/wp-content\/uploads\/2017\/04\/OZI4m-744x1024.jpeg 744w, http:\/\/www.slupinska.pl\/wp-content\/uploads\/2017\/04\/OZI4m-scaled.jpeg 1860w\" sizes=\"auto, (max-width: 218px) 100vw, 218px\" \/><img loading=\"lazy\" decoding=\"async\" class=\"alignnone size-medium wp-image-159\" style=\"font-size: 1rem; line-height: 1.5;\" src=\"http:\/\/www.slupinska.pl\/wp-content\/uploads\/2017\/04\/kozio\u0142ek-biegi-218x300.jpeg\" alt=\"\" width=\"218\" height=\"300\" srcset=\"http:\/\/www.slupinska.pl\/wp-content\/uploads\/2017\/04\/kozio\u0142ek-biegi-218x300.jpeg 218w, http:\/\/www.slupinska.pl\/wp-content\/uploads\/2017\/04\/kozio\u0142ek-biegi-600x826.jpeg 600w, http:\/\/www.slupinska.pl\/wp-content\/uploads\/2017\/04\/kozio\u0142ek-biegi-768x1057.jpeg 768w, http:\/\/www.slupinska.pl\/wp-content\/uploads\/2017\/04\/kozio\u0142ek-biegi-744x1024.jpeg 744w, http:\/\/www.slupinska.pl\/wp-content\/uploads\/2017\/04\/kozio\u0142ek-biegi-scaled.jpeg 1860w\" sizes=\"auto, (max-width: 218px) 100vw, 218px\" \/><img loading=\"lazy\" decoding=\"async\" class=\"alignnone size-medium wp-image-141\" src=\"http:\/\/www.slupinska.pl\/wp-content\/uploads\/2017\/04\/Dyplom-AMP-300x217.jpeg\" alt=\"\" width=\"300\" height=\"217\" srcset=\"http:\/\/www.slupinska.pl\/wp-content\/uploads\/2017\/04\/Dyplom-AMP-300x217.jpeg 300w, http:\/\/www.slupinska.pl\/wp-content\/uploads\/2017\/04\/Dyplom-AMP-600x434.jpeg 600w, http:\/\/www.slupinska.pl\/wp-content\/uploads\/2017\/04\/Dyplom-AMP-768x555.jpeg 768w, http:\/\/www.slupinska.pl\/wp-content\/uploads\/2017\/04\/Dyplom-AMP-1024x740.jpeg 1024w, http:\/\/www.slupinska.pl\/wp-content\/uploads\/2017\/04\/Dyplom-AMP.jpeg 1401w\" sizes=\"auto, (max-width: 300px) 100vw, 300px\" \/><img loading=\"lazy\" decoding=\"async\" class=\"alignnone size-medium wp-image-157\" src=\"http:\/\/www.slupinska.pl\/wp-content\/uploads\/2017\/04\/koziolek2m-300x212.jpeg\" alt=\"\" width=\"300\" height=\"212\" srcset=\"http:\/\/www.slupinska.pl\/wp-content\/uploads\/2017\/04\/koziolek2m-300x212.jpeg 300w, http:\/\/www.slupinska.pl\/wp-content\/uploads\/2017\/04\/koziolek2m-600x424.jpeg 600w, http:\/\/www.slupinska.pl\/wp-content\/uploads\/2017\/04\/koziolek2m-768x543.jpeg 768w, http:\/\/www.slupinska.pl\/wp-content\/uploads\/2017\/04\/koziolek2m-1024x724.jpeg 1024w\" sizes=\"auto, (max-width: 300px) 100vw, 300px\" \/><img loading=\"lazy\" decoding=\"async\" class=\"alignnone size-medium wp-image-158\" src=\"http:\/\/www.slupinska.pl\/wp-content\/uploads\/2017\/04\/koziolek4m-300x209.jpeg\" alt=\"\" width=\"300\" height=\"209\" srcset=\"http:\/\/www.slupinska.pl\/wp-content\/uploads\/2017\/04\/koziolek4m-300x209.jpeg 300w, http:\/\/www.slupinska.pl\/wp-content\/uploads\/2017\/04\/koziolek4m-600x418.jpeg 600w, http:\/\/www.slupinska.pl\/wp-content\/uploads\/2017\/04\/koziolek4m-768x536.jpeg 768w, http:\/\/www.slupinska.pl\/wp-content\/uploads\/2017\/04\/koziolek4m-1024x714.jpeg 1024w\" sizes=\"auto, (max-width: 300px) 100vw, 300px\" \/><br \/>\n<small><\/small><\/p>\n<p><iframe loading=\"lazy\" title=\"Fina\u0142 Mistrzostw Polski Amator\u00f3w - Kluszkowce - 23.03.2012r.\" width=\"1032\" height=\"581\" src=\"https:\/\/www.youtube.com\/embed\/6LTZS1q8O94?feature=oembed\" frameborder=\"0\" allow=\"accelerometer; autoplay; clipboard-write; encrypted-media; gyroscope; picture-in-picture; web-share\" allowfullscreen><\/iframe><\/p>\n","protected":false},"excerpt":{"rendered":"<p>Je\u015bli chcia\u0142by\u015b um\u00f3wi\u0107 si\u0119 na zaj\u0119cia indywidualne lub organizujesz szkolenia i poszukujesz Instruktora &#8211;\u00a0zapraszam do kontaktu! Na nartach je\u017cd\u017c\u0119 od najm\u0142odszych lat. W 2006 uko\u0144czy\u0142am kurs kwalifikacyjny i rok p\u00f3\u017aniej zosta\u0142am Pomocnikiem Instruktora SITN-PZN. Stopie\u0144 &hellip;<\/p>\n","protected":false},"author":1,"featured_media":0,"parent":0,"menu_order":0,"comment_status":"closed","ping_status":"closed","template":"","meta":{"footnotes":""},"class_list":["post-199","page","type-page","status-publish","hentry"],"_links":{"self":[{"href":"http:\/\/www.slupinska.pl\/index.php\/wp-json\/wp\/v2\/pages\/199","targetHints":{"allow":["GET"]}}],"collection":[{"href":"http:\/\/www.slupinska.pl\/index.php\/wp-json\/wp\/v2\/pages"}],"about":[{"href":"http:\/\/www.slupinska.pl\/index.php\/wp-json\/wp\/v2\/types\/page"}],"author":[{"embeddable":true,"href":"http:\/\/www.slupinska.pl\/index.php\/wp-json\/wp\/v2\/users\/1"}],"replies":[{"embeddable":true,"href":"http:\/\/www.slupinska.pl\/index.php\/wp-json\/wp\/v2\/comments?post=199"}],"version-history":[{"count":33,"href":"http:\/\/www.slupinska.pl\/index.php\/wp-json\/wp\/v2\/pages\/199\/revisions"}],"predecessor-version":[{"id":808,"href":"http:\/\/www.slupinska.pl\/index.php\/wp-json\/wp\/v2\/pages\/199\/revisions\/808"}],"wp:attachment":[{"href":"http:\/\/www.slupinska.pl\/index.php\/wp-json\/wp\/v2\/media?parent=199"}],"curies":[{"name":"wp","href":"https:\/\/api.w.org\/{rel}","templated":true}]}}