{"id":570,"date":"2019-12-26T22:12:17","date_gmt":"2019-12-26T21:12:17","guid":{"rendered":"http:\/\/www.slupinska.pl\/?page_id=570"},"modified":"2024-05-24T11:44:06","modified_gmt":"2024-05-24T09:44:06","slug":"jak-wyglada-wizyta","status":"publish","type":"page","link":"http:\/\/www.slupinska.pl\/index.php\/jak-wyglada-wizyta\/","title":{"rendered":"Jak wygl\u0105da wizyta?"},"content":{"rendered":"\n<p>Pierwsza wizyta zawsze ma charakter diagnostyczny. Zostanie przeprowadzony dok\u0142adny wywiad i badanie, kt\u00f3re pozwol\u0105 dobra\u0107 i zaplanowa\u0107 odpowiednie leczenie. Terapi\u0119 rozpoczniemy ju\u017c podczas tego spotkania. Ka\u017cde sesja trwa oko\u0142o 50-55 min. <\/p>\n\n\n\n<p>Na pierwszym spotkaniu padn\u0105 pytania dotycz\u0105ce wszystkich Twoich problem\u00f3w i ca\u0142ego cia\u0142a. Podczas terapii mo\u017ce si\u0119 okaza\u0107, \u017ce pracy b\u0119d\u0105 wymaga\u0142y r\u00f3wnie\u017c inne struktury w ciele ni\u017c te w kt\u00f3rych jest g\u0142\u00f3wny objaw.<\/p>\n\n\n\n<h4 class=\"wp-block-heading\">Co zabra\u0107?<\/h4>\n\n\n\n<p>Na pierwsze spotkanie warto zabra\u0107 ze sob\u0105 <strong>wszystkie dokumenty<\/strong> diagnostyczne, zar\u00f3wno z wcze\u015bniejszego leczenia operacyjnego jak i rehabilitacyjnego. Nie chodzi jedynie o okolic\u0119 cia\u0142a, z kt\u00f3r\u0105 obecnie jest problem, ale o wszystkie urazy, ingerencje chirurgiczne lub leczenie zachowawcze, kt\u00f3re mia\u0142y miejsce do tej pory. S\u0105 one niezb\u0119dne do wnikliwego przeanalizowania historii leczenia i znalezienia przyczyny aktualnych dolegliwo\u015bci.  <\/p>\n\n\n\n<h4 class=\"wp-block-heading\">Jak si\u0119 ubra\u0107?<\/h4>\n\n\n\n<p>Aby podczas wizyty czu\u0107 si\u0119 komfortowo, mo\u017cna ze sob\u0105 zabra\u0107 <strong>str\u00f3j sportowy<\/strong>, kt\u00f3ry pozwoli na swobody dost\u0119p do problematycznej okolicy cia\u0142a. Mo\u017cna tak\u017ce zabra\u0107 obuwie sportowe, w kt\u00f3rym najcz\u0119\u015bciej uprawiana jest aktywno\u015b\u0107 sportowa lub kt\u00f3re jest najcz\u0119\u015bciej u\u017cytkowane.<\/p>\n\n\n\n<p><\/p>\n","protected":false},"excerpt":{"rendered":"<p>Pierwsza wizyta zawsze ma charakter diagnostyczny. Zostanie przeprowadzony dok\u0142adny wywiad i badanie, kt\u00f3re pozwol\u0105 dobra\u0107 i zaplanowa\u0107 odpowiednie leczenie. Terapi\u0119 rozpoczniemy ju\u017c podczas tego spotkania. Ka\u017cde sesja trwa oko\u0142o 50-55 min. Na pierwszym spotkaniu padn\u0105 &hellip;<\/p>\n","protected":false},"author":1,"featured_media":0,"parent":0,"menu_order":0,"comment_status":"closed","ping_status":"closed","template":"","meta":{"footnotes":""},"class_list":["post-570","page","type-page","status-publish","hentry"],"_links":{"self":[{"href":"http:\/\/www.slupinska.pl\/index.php\/wp-json\/wp\/v2\/pages\/570","targetHints":{"allow":["GET"]}}],"collection":[{"href":"http:\/\/www.slupinska.pl\/index.php\/wp-json\/wp\/v2\/pages"}],"about":[{"href":"http:\/\/www.slupinska.pl\/index.php\/wp-json\/wp\/v2\/types\/page"}],"author":[{"embeddable":true,"href":"http:\/\/www.slupinska.pl\/index.php\/wp-json\/wp\/v2\/users\/1"}],"replies":[{"embeddable":true,"href":"http:\/\/www.slupinska.pl\/index.php\/wp-json\/wp\/v2\/comments?post=570"}],"version-history":[{"count":9,"href":"http:\/\/www.slupinska.pl\/index.php\/wp-json\/wp\/v2\/pages\/570\/revisions"}],"predecessor-version":[{"id":736,"href":"http:\/\/www.slupinska.pl\/index.php\/wp-json\/wp\/v2\/pages\/570\/revisions\/736"}],"wp:attachment":[{"href":"http:\/\/www.slupinska.pl\/index.php\/wp-json\/wp\/v2\/media?parent=570"}],"curies":[{"name":"wp","href":"https:\/\/api.w.org\/{rel}","templated":true}]}}